{"id":1548,"date":"2019-10-22T10:48:42","date_gmt":"2019-10-22T08:48:42","guid":{"rendered":"https:\/\/complianceberater.team\/imprint\/"},"modified":"2026-02-26T16:54:21","modified_gmt":"2026-02-26T15:54:21","slug":"imprint","status":"publish","type":"page","link":"https:\/\/complianceberater.team\/en\/imprint\/","title":{"rendered":"Imprint"},"content":{"rendered":"<section class=\"l-section wpb_row height_medium\"><div class=\"l-section-h i-cf\"><div class=\"g-cols vc_row via_flex valign_top type_default stacking_default\"><div class=\"vc_col-sm-12 wpb_column vc_column_container\"><div class=\"vc_column-inner\"><div class=\"wpb_wrapper\"><div class=\"w-post-elm post_custom_field type_text option|impressum color_link_inherit\"><p>Information pursuant to Section 5 of the Digital Services Act (DDG) &#8211; and pursuant to the Service Information Obligations Ordinance (DL-InfoV)<\/p>\n<p><strong>Section 5 DDG; Section 2 para. 1 no. 1, 2 DL-InfoV:<\/strong><\/p>\n<p>Attorney at Law<br \/>\nSpecialist Lawyer for Criminal Law<br \/>\nJ\u00fcrgen M\u00f6thrath<br \/>\nKarl-Ulrich-Stra\u00dfe 3<br \/>\n67547 Worms<br \/>\nTel.: +49 (0) 6241 938000<br \/>\nFax: +49 (0) 6241 938008<br \/>\nE-Mail: <a href=\"mailto:kanzlei@ramoethrath.de\">kanzlei@ramoethrath.de<br \/>\n<\/a><\/p>\n<hr \/>\n<p>Attorney at Law and Notary<\/p>\n<p><strong>Specialist Lawyer for Criminal Law<\/strong><\/p>\n<p>Sebastian Straub<\/p>\n<p>Kaiserstra\u00dfe 36 &#8211; 38<br \/>\n68623 Lampertheim<\/p>\n<p>Telephone: +49 (0) 62 06 \/ 1 55 55-30<br \/>\nE-Mail: <a href=\"mailto:mail@rae-straub.de\">mail@rae-straub.de<br \/>\n<\/a><\/p>\n<p>VAT ID No.: DE 23 28 46 49 6<\/p>\n<p>Competent Chambers:<br \/>\nFrankfurt am Main Bar Association<br \/>\nFrankfurt Chamber of Notaries<\/p>\n<p>President of the Regional Court (LG) Darmstadt<\/p>\n<hr \/>\n<p>Attorney at Law<\/p>\n<p><strong>Specialist Lawyer for IT Law<\/strong><\/p>\n<p>Jens Gmerek<\/p>\n<p>Employed attorney at<\/p>\n<p>Grewe Law Firm<br \/>\nErzbergerstra\u00dfe 17<br \/>\n68165 Mannheim<\/p>\n<p>Telephone +49 (0) 621 377036 40<br \/>\nFax: +49 (0) 621 377036 41<br \/>\nE-Mail: <a href=\"mailto:gmerek@grewe-kanzlei.de\">gmerek@grewe-kanzlei.de<br \/>\n<\/a><\/p>\n<hr \/>\n<p>Attorney at Law<\/p>\n<p><strong>Specialist Lawyer for Insolvency Law<\/strong><\/p>\n<p>Manfred Althaus<\/p>\n<p>O 6,7<br \/>\n68161 Mannheim<\/p>\n<p>Tel.: +49 (0)621 300 992 90<br \/>\nFax: +49 (0)621 300 992 99<br \/>\nE-Mail: <a href=\"mailto:mail@advosolve.de\">mail@advosolve.de<br \/>\n<\/a><\/p>\n<hr \/>\n<p>Attorney at Law<\/p>\n<p><strong>Specialist Lawyer for IT Law<\/strong><\/p>\n<p>Christina Grewe<\/p>\n<p>Erzbergerstra\u00dfe 17<br \/>\n68165 Mannheim<\/p>\n<p>Telephone +49 (0) 621 377036 40<br \/>\nFax: +49 (0) 621 377036 41<br \/>\nE-Mail: <a href=\"mailto:info@grewe-kanzlei.de\">info@grewe-kanzlei.de<br \/>\n<\/a><\/p>\n<hr \/>\n<p><strong>Person responsible for content:<\/strong><\/p>\n<p>Attorney at Law J\u00fcrgen M\u00f6thrath<\/p>\n<hr \/>\n<p>Regulations applicable to all attorneys admitted in the Federal Republic of Germany who are <strong>named above on this page<\/strong> with their professional title:<\/p>\n<p><strong><u>Section 5 DDG, Section 3 para. 1 no. 1 DL-InfoV:<\/u><\/strong><\/p>\n<p>Professional regulations:<\/p>\n<ul>\n<li>Federal Lawyers\u2019 Act (BRAO)<\/li>\n<li>Professional Code of Conduct for Lawyers (BORA)<\/li>\n<li>Specialist Lawyers\u2019 Regulations (FAO)<\/li>\n<li>Lawyers\u2019 Remuneration Act (RVG)<\/li>\n<li>Professional Rules of the Lawyers of the European Union (CCBE)<\/li>\n<li>Federal Notaries Act (BNotO)<\/li>\n<\/ul>\n<p><strong><u>Section 5 DDG, Section 2 para. 1 no. 4, 6 DL-InfoV (with regard to the professional title):<\/u><\/strong><\/p>\n<p>Professional title: Attorney at Law (Rechtsanwalt\/Rechtsanw\u00e4ltin) &#8211; conferred in the Federal Republic of Germany<\/p>\n<p>The regulations can be viewed at the Federal Bar Association at<br \/>\n<a href=\"http:\/\/www.brak.de\/seiten\/06.php#tdg\" target=\"_blank\" rel=\"noopener noreferrer\">http:\/\/www.brak.de\/seiten\/06.php#tdg<\/a><\/p>\n<p>For Mr. Straub in his capacity as notary, the following additional regulations apply:<\/p>\n<ul>\n<li>Federal Notaries Act (BNotO)<\/li>\n<li>Notarization Act (BeurkG)<\/li>\n<li>Code of Conduct for Notaries (DONot)<\/li>\n<li>Guidelines of the competent chamber depending on chamber membership<\/li>\n<li>Additional statutes or administrative regulations, insofar as applicable in the respective chamber district<\/li>\n<\/ul>\n<p>The notary-specific regulations can be viewed at \u201cGesetze im Internet\u201d or on the website of the Federal Chamber of Notaries.<\/p>\n<p><strong><u>Pursuant to Section 5 DDG, Section 2 para. 1 no. 4, 6 DL-InfoV<\/u><\/strong>, the competent supervisory authority and the competent chamber must be stated. Jurisdiction depends on the registered office of the professional.<\/p>\n<table style=\"border-collapse: collapse; width: 100%;\" border=\"1\">\n<thead>\n<tr>\n<th style=\"width: 50%;\">Attorney at Law<\/th>\n<th style=\"width: 50%;\">Supervisory Authority\/Chamber<\/th>\n<\/tr>\n<\/thead>\n<tbody>\n<tr>\n<td>J\u00fcrgen M\u00f6thrath<\/td>\n<td>Koblenz Bar Association<\/td>\n<\/tr>\n<tr>\n<td>Sebastian Straub (+ Notary)<\/td>\n<td>Frankfurt Bar Association Frankfurt Chamber of Notaries President of the Regional Court Darmstadt (for notarial matters)<\/td>\n<\/tr>\n<tr>\n<td>Manfred Althaus<\/td>\n<td rowspan=\"3\">Karlsruhe Bar Association<\/td>\n<\/tr>\n<tr>\n<td>Christina Grewe<\/td>\n<\/tr>\n<tr>\n<td>Jens Gmerek<\/td>\n<\/tr>\n<\/tbody>\n<\/table>\n<p><strong><u>Section 5 para. 1 no. 6 TMG, Section 2 para. 1 no. 5 DL-InfoV (Information on VAT ID):<\/u><\/strong><\/p>\n<table style=\"border-collapse: collapse; width: 100%;\" border=\"1\">\n<thead>\n<tr>\n<th style=\"width: 50%;\">Attorney at Law<\/th>\n<th style=\"width: 50%;\">VAT Identification No.:<\/th>\n<\/tr>\n<\/thead>\n<tbody>\n<tr>\n<td>J\u00fcrgen M\u00f6thrath<\/td>\n<td>DE159537218<\/td>\n<\/tr>\n<tr>\n<td>Sebastian Straub<\/td>\n<td>DE232846496<\/td>\n<\/tr>\n<tr>\n<td>Manfred Althaus<\/td>\n<td>DE292459148<\/td>\n<\/tr>\n<tr>\n<td>Christina Grewe<\/td>\n<td>DE321946469<\/td>\n<\/tr>\n<\/tbody>\n<\/table>\n<p><strong>Section 2 para. 1 no. 11 DL-InfoV (Information on professional liability insurance):<\/strong><\/p>\n<p>The territorial scope of the insurance coverage extends to the entire territory of the European Union.<\/p>\n<table style=\"border-collapse: collapse; width: 100%;\" border=\"1\">\n<thead>\n<tr>\n<th style=\"width: 50%;\">Attorney at Law<\/th>\n<th style=\"width: 50%;\">Insurance<\/th>\n<\/tr>\n<\/thead>\n<tbody>\n<tr>\n<td>J\u00fcrgen M\u00f6thrath<\/td>\n<td>HDI-Gerling Firmen u. Privat Versicherung AG Betrieb Standort Stuttgart Firmen P.O. Box 10 22 51<\/td>\n<\/tr>\n<tr>\n<td>Jens Gmerek<\/td>\n<td rowspan=\"2\">Allianz Versicherungs AG 10900 Berlin<\/td>\n<\/tr>\n<tr>\n<td>Christina Grewe<\/td>\n<\/tr>\n<tr>\n<td>Manfred Althaus<\/td>\n<td>LVM Landwirtschaftlicher Versicherungsverein M\u00fcnster a.G., Koldering 21, 48126 M\u00fcnster<\/td>\n<\/tr>\n<tr>\n<td>Sebastian Straub<\/td>\n<td>A professional liability insurance in accordance with the professional requirements (Section 51 BRAO) is maintained with Allianz Deutschland AG, 10895 Berlin, for Attorney and Notary Sebastian Straub. Activities are covered throughout the entire territory of the European Union and the states of the Agreement on the European Economic Area.<\/td>\n<\/tr>\n<\/tbody>\n<\/table>\n<p><strong>Arbitration Board of the Legal Profession:<\/strong><\/p>\n<p>For all members participating in Complianceberater.team as attorneys, reference is made pursuant to Sections 36, 37 of the Consumer Dispute Resolution Act (VSBG) to the Arbitration Board of the Legal Profession:<\/p>\n<p><strong>Arbitration Board of the Legal Profession<\/strong><br \/>\nRauchstra\u00dfe 26, 10787 Berlin<br \/>\nTel.: +49 (0) 30 2844417-0<br \/>\nFax: +49 (0) 30 2844417-12<br \/>\nE-Mail: <a href=\"mailto:schlichtungsstelle@s-d-r.org\">schlichtungsstelle@s-d-r.org<br \/>\n<\/a><\/p>\n<p>Notice pursuant to Section 36 VSBG: We do not participate in dispute resolution proceedings before a consumer arbitration board and are not obliged to do so.<\/p>\n<\/div><div class=\"w-separator size_medium\"><\/div><div class=\"wpb_text_column\"><div class=\"wpb_wrapper\"><h2 data-fontsize=\"17\" data-lineheight=\"25\">Technical and creative implementation<\/h2>\n<p><strong>Sebastian Klingel<\/strong> &#8211; <a href=\"https:\/\/www.sebastianklingel.com\/\" target=\"_blank\" rel=\"noopener noreferrer\">www.sebastianklingel.com<\/a><\/p>\n<\/div><\/div><\/div><\/div><\/div><\/div><\/div><\/section>\n","protected":false},"excerpt":{"rendered":"Information pursuant to Section 5 of the Digital Services Act (DDG) &#8211; and pursuant to the Service Information Obligations Ordinance (DL-InfoV) Section 5 DDG; Section 2 para. 1 no. 1, 2 DL-InfoV: Attorney at Law Specialist Lawyer for Criminal Law J\u00fcrgen M\u00f6thrath Karl-Ulrich-Stra\u00dfe 3 67547 Worms Tel.: +49 (0) 6241 938000 Fax: +49 (0) 6241...","protected":false},"author":1,"featured_media":0,"parent":0,"menu_order":0,"comment_status":"closed","ping_status":"closed","template":"","meta":{"_acf_changed":false,"_seopress_robots_primary_cat":"","_seopress_titles_title":"","_seopress_titles_desc":"","_seopress_robots_index":"yes","footnotes":""},"class_list":["post-1548","page","type-page","status-publish","hentry"],"acf":[],"_links":{"self":[{"href":"https:\/\/complianceberater.team\/en\/wp-json\/wp\/v2\/pages\/1548","targetHints":{"allow":["GET"]}}],"collection":[{"href":"https:\/\/complianceberater.team\/en\/wp-json\/wp\/v2\/pages"}],"about":[{"href":"https:\/\/complianceberater.team\/en\/wp-json\/wp\/v2\/types\/page"}],"author":[{"embeddable":true,"href":"https:\/\/complianceberater.team\/en\/wp-json\/wp\/v2\/users\/1"}],"replies":[{"embeddable":true,"href":"https:\/\/complianceberater.team\/en\/wp-json\/wp\/v2\/comments?post=1548"}],"version-history":[{"count":2,"href":"https:\/\/complianceberater.team\/en\/wp-json\/wp\/v2\/pages\/1548\/revisions"}],"predecessor-version":[{"id":1550,"href":"https:\/\/complianceberater.team\/en\/wp-json\/wp\/v2\/pages\/1548\/revisions\/1550"}],"wp:attachment":[{"href":"https:\/\/complianceberater.team\/en\/wp-json\/wp\/v2\/media?parent=1548"}],"curies":[{"name":"wp","href":"https:\/\/api.w.org\/{rel}","templated":true}]}}